{"id":291,"date":"2014-10-26T19:42:53","date_gmt":"2014-10-26T19:42:53","guid":{"rendered":"http:\/\/esociety-conf.org\/?page_id=291"},"modified":"2024-09-04T22:41:09","modified_gmt":"2024-09-04T22:41:09","slug":"travel","status":"publish","type":"page","link":"https:\/\/www.esociety-conf.org\/oldconferences\/2025\/travel\/","title":{"rendered":"Travel"},"content":{"rendered":"<div id=\"block_61610\" class=\"content-block\">\n<div class=\"text ql-snow\">\n<div class=\"ql-editor\">\n<div id=\"block_61610\" class=\"content-block\">\n<div class=\"text ql-snow\">\n<div class=\"ql-editor\">\n<h5 style=\"text-align: justify;\"><strong>Airport<\/strong><\/h5>\n<p style=\"text-align: justify;\">Madeira Airport (IATA: FNC) is located 22.5 Km \/ 14 miles outside of the city of Funchal. It takes about half an hour to get to the centre of town by taxi.<\/p>\n<p style=\"text-align: justify;\"><strong>Getting to and from the airport<\/strong><\/p>\n<p style=\"text-align: justify;\"><strong>By car<\/strong><\/p>\n<p style=\"text-align: justify;\">Car rental: car rental companies have their office at the terminal. It takes about 15 minutes drive on R101 in order to reach the center of Funchal from the airport.<\/p>\n<p style=\"text-align: justify;\"><strong>By Shuttle<\/strong><\/p>\n<div class=\"accordion-header\">\n<p style=\"text-align: justify;\">The Aerobus departs from the Arrivals area towards the Formosa beach, with stops near several hotels for your convenience. And if your flight is delayed, the Aerobus will wait for you, for up to a maximum of one hour.<br \/>\nCheck the all the schedules and routes at <a href=\"https:\/\/siga.madeira.gov.pt\/aerobus\">https:\/\/siga.madeira.gov.pt\/aerobus<\/a> and get on your way. Payments with cash only.<\/p>\n<p style=\"text-align: justify;\"><strong>Prices:<\/strong><br \/>\n<u>Adults:<\/u>\u00a0Funchal \/ Airport \u2013 Airport \/ Funchal: 6.00 \u20ac<br \/>\n<u>Children&#8217;s ticket (ages\u00a06 to 12)<\/u>: Funchal \/ Airport \u2013 Airport \/ Funchal: 3.00 \u20ac<\/p>\n<div class=\"accordion-content no-accordion-header only-child\">\n<div style=\"text-align: justify;\">\n<p><strong>Airport \u2013 Formosa Beach itinerary<\/strong><\/p>\n<p>Airport, Estrada Boa Nova, Rua Ribeiro Jo\u00e3o Gomes, Rua do Anadia, Av. do Mar, Rua Dr. Brito Camara, S\u00e3o Jo\u00e3o, Av. Calouste Gulbenkian, Av. Infante, Estrada Monumental, Rua Passos Gouveia, Estrada Monumental, Praia Formosa.<\/p>\n<p>Total duration of the trip: about 45 minutes. From the Formosa Beach, you can take a connection to the centre of Funchal, which lasts about 20 minutes.<\/p>\n<ul class=\"accordion-list\">\n<li>\u00a0<a class=\"link-text\" title=\"SAM - Aerobus\" href=\"https:\/\/www.sam.pt\/en\/\" target=\"_blank\" rel=\"noopener noreferrer\">https:\/\/www.sam.pt\/en\/<\/a><\/li>\n<li>\u00a0<a class=\"link-text link-telephone\" title=\"\" href=\"tel:+351 291 201 151\" target=\"_blank\" rel=\"noopener noreferrer\">+351 291 201 151<\/a><\/li>\n<\/ul>\n<\/div>\n<p style=\"text-align: justify;\"><strong>By Taxi<\/strong><\/p>\n<div class=\"accordion-header\" style=\"text-align: justify;\">\n<p>At the Madeira Airport, there is a taxi rank at Arrivals, on the Ground Flooor (0).<\/p>\n<\/div>\n<div class=\"accordion-content no-accordion-header only-child\" style=\"text-align: justify;\">\n<div>\n<p>Regardless of your destination, on weekdays, the prices of trips from the airport begin at \u20ac4.00, with a 20% increase for trips made between 9:00 p.m. and 6:00 a.m., as well as all day on Saturdays, Sundays and holidays.<\/p>\n<p>When travelling with baggage or animals, an additional \u20ac1.50 fee will apply.<\/p>\n<ul class=\"accordion-list\">\n<li>\u00a0<a class=\"link-text\" title=\"http:\/\/www.aitram.pt\/\" href=\"http:\/\/www.aitram.pt\/\" target=\"_blank\" rel=\"noopener noreferrer\">http:\/\/www.aitram.pt\/<\/a><\/li>\n<li>\u00a0<a class=\"link-text link-telephone\" title=\"\" href=\"tel:+351 291 765 760\" target=\"_blank\" rel=\"noopener noreferrer\">+351 291 765 760<\/a><\/li>\n<\/ul>\n<\/div>\n<\/div>\n<div style=\"text-align: justify;\">\n<p style=\"text-align: justify;\"><strong>By Bus<\/strong><\/p>\n<p style=\"text-align: justify;\">With the exception of 25 December, several buses are available every day, bound for various locations on the island. Know the routes and choose what suits you.<\/p>\n<div class=\"accordion-header\" style=\"text-align: justify;\">\n<p><strong>Reference price:<\/strong><\/p>\n<p>Airport\u2013 Funchal \u20ac3.35<\/p>\n<\/div>\n<div class=\"accordion-content no-accordion-header only-child\">\n<div>\n<ul class=\"accordion-list\" style=\"text-align: justify;\">\n<li>\u00a0<a class=\"link-text\" title=\"https:\/\/www.sam.pt\/en\/network-map.html\" href=\"https:\/\/www.sam.pt\/en\/network-map.html\" target=\"_blank\" rel=\"noopener noreferrer\">https:\/\/www.sam.pt\/en\/<\/a><\/li>\n<li>\u00a0<a class=\"link-text link-telephone\" title=\"\" href=\"tel:+351 291 201 151\" target=\"_blank\" rel=\"noopener noreferrer\">+351 291 201 151<\/a><\/li>\n<\/ul>\n<p style=\"text-align: center;\"><strong>Visa Information \u2013 Portugal<\/strong><\/p>\n<p>Portugal is part of the Schengen Area, a group of 26 European countries that allow free movement of people between each of them. As such, citizens from any of these countries do not need a visa to visit Portugal, though if staying longer than three months they must request a registration certificate.<\/p>\n<p>Please be aware that the conference organizers are not able to haste visas\u2019 appointments or other procedures for participants. We <strong>won&#8217;t be able to contact directly consulates or embassies and we do not intervene in anyway with the Visa process<\/strong> as the participant is the singular responsible to apply and follow up on the Visa application. We advise all participants to check whether or not a visa is needed. If you are likely to need a visa, we recommend that you make your application as soon as possible.<\/p>\n<p>All international nationals must possess valid identification and travel documents before entering Portugal. Please be mindful of the Portugal passport and visa policies for citizens and visitors. For more information check the following pages:<br \/>\n<strong>Types of Visa<\/strong> &#8211; <a href=\"https:\/\/vistos.mne.gov.pt\/en\/\" target=\"_blank\" rel=\"noopener\">https:\/\/vistos.mne.gov.pt\/en\/<\/a><br \/>\n<strong>Who needs a Visa to enter Portugal?<\/strong> &#8211; <a href=\"https:\/\/vistos.mne.gov.pt\/en\/short-stay-visas-schengen\/general-information\/who-needs-a-visa\" target=\"_blank\" rel=\"noopener\">https:\/\/vistos.mne.gov.pt\/en\/short-stay-visas-schengen\/general-information\/who-needs-a-visa<\/a><br \/>\n<strong>Electronic Visa<\/strong> &#8211; <a href=\"https:\/\/pedidodevistos.mne.gov.pt\/VistosOnline\/\" target=\"_blank\" rel=\"noopener\">https:\/\/pedidodevistos.mne.gov.pt\/VistosOnline\/<\/a><\/p>\n<p><strong>Visa invitation letter<\/strong><\/p>\n<p>To help you, once your registration is validated, we can issue a letter which confirms that you have registered (as an author of accepted paper, listener, etc) and paid to take part in the conference. All letters will be issued in digital format only. The conference organisers will not be held responsible for any visa-related issues or delays.<\/p>\n<p>Useful links:<br \/>\n<a href=\"https:\/\/visaguide.world\/europe\/portugal-visa\/\" target=\"_blank\" rel=\"noopener\">https:\/\/visaguide.world\/europe\/portugal-visa\/<\/a><br \/>\n<a href=\"https:\/\/vistos.mne.gov.pt\/en\/\" target=\"_blank\" rel=\"noopener\">https:\/\/vistos.mne.gov.pt\/en\/<\/a><br \/>\n<a href=\"https:\/\/www.vfsglobal.com\/en\/individuals\/index.html\" target=\"_blank\" rel=\"noopener\">https:\/\/www.vfsglobal.com\/en\/individuals\/index.html<\/a><\/p>\n<\/div>\n<\/div>\n<\/div>\n<\/div>\n<\/div>\n<\/div>\n<\/div>\n<\/div>\n<\/div>\n<\/div>\n<\/div>\n","protected":false},"excerpt":{"rendered":"<p>Airport Madeira Airport (IATA: FNC) is located 22.5 Km \/ 14 miles outside of the city of Funchal. It takes about half an hour to get to the centre of town by taxi. Getting to and from the airport By car Car rental: car rental companies have their office at the terminal. It takes about [&hellip;]<\/p>\n","protected":false},"author":1,"featured_media":0,"parent":0,"menu_order":0,"comment_status":"closed","ping_status":"closed","template":"","meta":[],"_links":{"self":[{"href":"https:\/\/www.esociety-conf.org\/oldconferences\/2025\/wp-json\/wp\/v2\/pages\/291"}],"collection":[{"href":"https:\/\/www.esociety-conf.org\/oldconferences\/2025\/wp-json\/wp\/v2\/pages"}],"about":[{"href":"https:\/\/www.esociety-conf.org\/oldconferences\/2025\/wp-json\/wp\/v2\/types\/page"}],"author":[{"embeddable":true,"href":"https:\/\/www.esociety-conf.org\/oldconferences\/2025\/wp-json\/wp\/v2\/users\/1"}],"replies":[{"embeddable":true,"href":"https:\/\/www.esociety-conf.org\/oldconferences\/2025\/wp-json\/wp\/v2\/comments?post=291"}],"version-history":[{"count":27,"href":"https:\/\/www.esociety-conf.org\/oldconferences\/2025\/wp-json\/wp\/v2\/pages\/291\/revisions"}],"predecessor-version":[{"id":2311,"href":"https:\/\/www.esociety-conf.org\/oldconferences\/2025\/wp-json\/wp\/v2\/pages\/291\/revisions\/2311"}],"wp:attachment":[{"href":"https:\/\/www.esociety-conf.org\/oldconferences\/2025\/wp-json\/wp\/v2\/media?parent=291"}],"curies":[{"name":"wp","href":"https:\/\/api.w.org\/{rel}","templated":true}]}}