{"id":26,"date":"2014-03-26T22:17:46","date_gmt":"2014-03-26T22:17:46","guid":{"rendered":"http:\/\/its-conf.org\/2014\/?page_id=26"},"modified":"2024-09-04T22:33:21","modified_gmt":"2024-09-04T22:33:21","slug":"location","status":"publish","type":"page","link":"https:\/\/www.esociety-conf.org\/oldconferences\/2025\/location\/","title":{"rendered":"Location"},"content":{"rendered":"<p>The conference will be held in <em>VidaMar Resort Hotel Madeira<\/em><strong>, Funchal, Madeira Island, Portugal.<\/strong><\/p>\n<p><strong>With the motto \u201cMadeira. Belongs to all\u201d, we welcome you to the beautiful<\/strong> <strong>city of<\/strong> <strong>Funchal<\/strong> <strong>in the<\/strong> <strong>Madeira Island, Portugal, where the conference will take place<\/strong>.<\/p>\n<table style=\"width: 100%; border-collapse: collapse;\" align=\"center\">\n<tbody>\n<tr>\n<td style=\"width: 100%; text-align: center;\"><iframe loading=\"lazy\" title=\"Madeira As Never Seen Before\" width=\"500\" height=\"281\" src=\"https:\/\/www.youtube.com\/embed\/dDBd3bApBKQ?start=82&#038;feature=oembed\" frameborder=\"0\" allow=\"accelerometer; autoplay; clipboard-write; encrypted-media; gyroscope; picture-in-picture; web-share\" referrerpolicy=\"strict-origin-when-cross-origin\" allowfullscreen><\/iframe><\/td>\n<\/tr>\n<\/tbody>\n<\/table>\n<p style=\"text-align: justify;\">Madeira has been elected for the ninth time the\u00a0\u201cWorld\u2019s Leading Island Destination\u201c\u00a0in 2023 by the World Travel Awards \u2013 it has won in 2022, 2021, 2020, 2019, 2018, 2017, 2016, 2015 \u2013 and for the tenth time the\u00a0\u201cEurope\u2019s Leading Island Destination\u201d\u00a0\u2013 it has won in 2024, 2023, 2021, 2020, 2019, 2018, 2017, 2016, 2014 and 2013. You can check more information regarding the several awards and distinctions that Madeira Island was won at\u00a0<a href=\"https:\/\/visitmadeira.com\/en\/travel-info\/awards-and-distinctions\/\">https:\/\/visitmadeira.com\/en\/travel-info\/awards-and-distinctions\/<\/a><\/p>\n<p style=\"text-align: justify;\">The Island is located in the Atlantic Ocean, just north-west of the Canary islands and a little further away from Africa, which gives it the balmy summers and warm winters it\u2019s famous for the ideal holiday destination all the year round. With an area of 741 km\u00b2, the Island of Madeira is an oasis in the Atlantic where a great natural and cultural wealth is preserved, among the forests, towns, beaches and mountains.<\/p>\n<p style=\"text-align: justify;\">Although it is small, Madeira is rich in majestic scenery and rare beauty. Madeira, a UNESCO World Heritage Site, is the guardian of a natural treasure. The Laurissilva Forest, about 20 million years old, dates back to the Miocene and Pliocene periods of the Tertiary Period. It is a rare subtropical forest, which occupies around 15,000 hectares, corresponding to 20% of the island. Go and explore the charms and delights of this floating garden!<\/p>\n<p style=\"text-align: justify;\">The main places to visit in the Madeira Islands are Funchal, the capital of the archipelago, Cani\u00e7o, the east coast (Santa Cruz and Machico), the west coast (C\u00e2mara de Lobos, Ribeira Brava, Ponta do Sol and Calheta), the north coast (Porto Moniz; S\u00e3o Vicente and Santana) and Porto Santo.<\/p>\n<p style=\"text-align: justify;\">Embark on an interactive journey through Madeira\u2019s past at the Story Centre or simply wander the streets of the capital to encounter charming historical areas and picturesque squares. Numerous churches and convents date back to the 15th century, from the tiny basalt cave of Capela de S\u00e3o Vicente to the ornate interiors of the S\u00e9 Cathedral.<\/p>\n<p style=\"text-align: justify;\"><strong>Funchal<\/strong><\/p>\n<p style=\"text-align: justify;\">Funchal\u2019s history goes back over 5 centuries when early Portuguese settlers colonised the coast of a bright and sunny bay where fennel (funcho) grew in abundance, giving its name to the new town of Funchal. Over the years the population grew, with international trade attracting the attention of all of Europe. Nowadays Funchal is a very modern city with over 104.000 inhabitants. It is one of the safest and cleanest cities in Europe.<\/p>\n<p style=\"text-align: justify;\">The picturesque city of Funchal is set perfectly on the sunny south coast of Madeira, it\u2019s backdropped a protective ring of green mountains; a huge natural amphitheatre that faces the balmy blue Atlantic Ocean. Summer is never too hot and winter pleasantly mild, making Funchal a true \u2018year-round\u2019 destination.<\/p>\n<p style=\"text-align: justify;\">The \u2018Old\u2019 centre, with its port and promenade, quaint and narrow winding streets, shops, caf\u00e9s, bars and restaurants, is ideal for idle wandering; one could spend a whole holiday here and not get bored, or hungry! Points of interest include the Cathedral, Theatre, Town Hall and waterfront. The Madeira Story Centre is well-worth a visit whilst the cable-car just opposite provides a panoramic ride to Monte, in the mountains.<\/p>\n<p style=\"text-align: justify;\">Heading west out of town along Avenida do Infante, past the Casino and on to Estrada Monumental will take you to the famous Lido suburb. This is where you will find most hotels and the lovely promenade that starts at the salt-water pools and winds along the cliffs for a mile or more to Praia Formosa, a long pebble beach and spectacular view of Cabo Gir\u00e3o, Europe\u2019s Highest Cliff.<\/p>\n<p style=\"text-align: justify;\">Delight yourself with the countless views, on an island of such outstanding natural beauty!<\/p>\n<p style=\"text-align: justify;\"><strong>Sources and useful links:<\/strong><\/p>\n<p style=\"text-align: justify;\"><a href=\"https:\/\/www.visitmadeira.com\/en\/\">https:\/\/www.visitmadeira.com\/en\/<\/a><\/p>\n<p style=\"text-align: justify;\"><a href=\"https:\/\/www.visitmadeira.com\/en\/travel-info\/\">https:\/\/www.visitmadeira.com\/en\/travel-info\/<\/a><\/p>\n<p style=\"text-align: justify;\"><a href=\"https:\/\/visitportugal.com\/en\/destinos\/madeira\">https:\/\/visitportugal.com\/en\/destinos\/madeira<\/a><\/p>\n","protected":false},"excerpt":{"rendered":"<p>The conference will be held in VidaMar Resort Hotel Madeira, Funchal, Madeira Island, Portugal. With the motto \u201cMadeira. Belongs to all\u201d, we welcome you to the beautiful city of Funchal in the Madeira Island, Portugal, where the conference will take place. Madeira has been elected for the ninth time the\u00a0\u201cWorld\u2019s Leading Island Destination\u201c\u00a0in 2023 by [&hellip;]<\/p>\n","protected":false},"author":1,"featured_media":0,"parent":0,"menu_order":0,"comment_status":"closed","ping_status":"closed","template":"","meta":[],"_links":{"self":[{"href":"https:\/\/www.esociety-conf.org\/oldconferences\/2025\/wp-json\/wp\/v2\/pages\/26"}],"collection":[{"href":"https:\/\/www.esociety-conf.org\/oldconferences\/2025\/wp-json\/wp\/v2\/pages"}],"about":[{"href":"https:\/\/www.esociety-conf.org\/oldconferences\/2025\/wp-json\/wp\/v2\/types\/page"}],"author":[{"embeddable":true,"href":"https:\/\/www.esociety-conf.org\/oldconferences\/2025\/wp-json\/wp\/v2\/users\/1"}],"replies":[{"embeddable":true,"href":"https:\/\/www.esociety-conf.org\/oldconferences\/2025\/wp-json\/wp\/v2\/comments?post=26"}],"version-history":[{"count":63,"href":"https:\/\/www.esociety-conf.org\/oldconferences\/2025\/wp-json\/wp\/v2\/pages\/26\/revisions"}],"predecessor-version":[{"id":2303,"href":"https:\/\/www.esociety-conf.org\/oldconferences\/2025\/wp-json\/wp\/v2\/pages\/26\/revisions\/2303"}],"wp:attachment":[{"href":"https:\/\/www.esociety-conf.org\/oldconferences\/2025\/wp-json\/wp\/v2\/media?parent=26"}],"curies":[{"name":"wp","href":"https:\/\/api.w.org\/{rel}","templated":true}]}}