{"id":16,"date":"2014-03-26T22:15:08","date_gmt":"2014-03-26T22:15:08","guid":{"rendered":"http:\/\/its-conf.org\/2014\/?page_id=16"},"modified":"2023-02-07T13:11:59","modified_gmt":"2023-02-07T13:11:59","slug":"committees","status":"publish","type":"page","link":"https:\/\/www.esociety-conf.org\/oldconferences\/2023\/committees\/","title":{"rendered":"Committees"},"content":{"rendered":"<p><strong>Program Chair<br \/>\n<\/strong><\/p>\n<p>Piet Kommers, University of Twente, The Netherlands<\/p>\n<p>&nbsp;<\/p>\n<p><strong>Conference Chair<\/strong><\/p>\n<p>Pedro Isa\u00edas, Information Systems &amp; Technology Management School, The University of New South Wales, Australia<\/p>\n<p>&nbsp;<\/p>\n<p><strong>Committee Members<\/strong><\/p>\n<p>Abdelsalam Busalim, Dublin City University, Ireland<br \/>\nAdam Wojciechowski, Poznan University of Technology, Poland<br \/>\nAlbena Antonova, University of Sofia, Bulgaria<br \/>\nAleksandar Dimov, University of Sofia St. Kliment Ohridski, Bulgaria<br \/>\nAli Saberi, Iranian Researchers Network, Iran<br \/>\nAndrej Brodnik, University of Primorska, Slovenia<br \/>\nAnna Lewandowska, University of Information Technology and Management, Poland<br \/>\nAnna Novotn\u00e1, Silesian University in Opava, Czech Republic<br \/>\nBoong Ryoo, Texas A&amp;M University, USA<br \/>\nBruce Chien-ta Ho, National Chung Hsing University, Taiwan<br \/>\nC K Lok, The University of Hong Kong , Hong Kong<br \/>\nCarina de Villiers, University of Pretoria, South Africa<br \/>\nCesar Alberto Collazos, University of Cauca, Colombia<br \/>\nChristos Georgiadis, University of Macedonia, Greece<br \/>\nChristos Kalloniatis, University of The Aegean, Greece<br \/>\nDamiano Distante, University of Rome UnitelmaSapienza , Italy<br \/>\nDaphne Ruth Raban, University of Haifa, Israel<br \/>\nDavid Cabrero Souto, University of A Coru\u00f1a, Spain<br \/>\nDemetrios Sampson, University of Piraeus , Greece<br \/>\nDessislava Vassileva, Sofia University \u201cst. Kliment Ohridski\u201d, Bulgaria<br \/>\nDorina Kabakchieva, University of National and World Economy, Bulgaria<br \/>\nEltahir Kabbar, Unitec Institute of Technology , New Zealand<br \/>\nElvis Mazzoni, University of Bologna, Italy<br \/>\nEugenia Kovatcheva, University of Library Studies and Information Tech, Bulgaria<br \/>\nFaton Shabani, University of Tetova, Albania<br \/>\nFausto Fasano, Universit\u00e0 Degli Studi del Molise, Italy<br \/>\nFernanda Faini, University of Bologna, Italy<br \/>\nFisnik Dalipi, Linnaeus University, Sweden<br \/>\nGeorge Tsihrintzis, University of Piraeus, Greece<br \/>\nGeorgina Araceli Torres-Vargas, National Autonomous University of Mexico, Mexico<br \/>\nGiuseppe Lugano, Ost Office, Belgium<br \/>\nGrzegorz Protaziuk, Warsaw University of Technology, Poland<br \/>\nHaluk Unaldi, PARADIGMA CONSULTANCY, Turkey<br \/>\nHans Weigand, Tilburg University, Netherlands<br \/>\nHentie Wilson, University of South Africa, South Africa<br \/>\nHiroyuki Mitsuhara, Tokushima University, Japan<br \/>\nHoratiu Dragomirescu, Bucharest University Of Economic Studies, Romania<br \/>\nIda Bifulco, University of Salerno, Italy<br \/>\nInga Hunter, Massey University, New Zealand<br \/>\nJ. K. Vijayakumar, American University of Antigua, Antigua and Barbuda<br \/>\nJackson Colares Da Silva, Universidade Federal Do Amazonas, Brazil<br \/>\nJan W. Owsi\u0144ski, Systems Research Institute, Polish Academy of Science, Poland<br \/>\nJanusz Sobecki, Wroclaw University of Technology, Poland<br \/>\nJarogniew Rykowski, Poznan University of Economics And Business, Poland<br \/>\nJeanne Schreurs, Hasselt University, Belgium<br \/>\nJennifer Kennedy, Dublin City University, Ireland<br \/>\nJiying Zhao, University of Ottawa , Canada<br \/>\nJoan-Francesc Fondevila-Gasc\u00f3n, CECABLE, UdG &amp; UAB, Spain<br \/>\nJonathan Allen, University of San Francisco, USA<br \/>\nJos\u00e9 Mar\u00eda D\u00edaz Nafr\u00eda, Universidad A Distancia De Madrid, Spain<br \/>\nJoumana Boustany, DICEN-IdF, Universit\u00e9 Paris-Est Marne-la-Vall\u00e9e, France<br \/>\nJustyna Berniak, University of Information Technology and Managemen, Polska<br \/>\nKamelia Stefanova, University of National and World Economy, Bulgaria<br \/>\nKamil Matula, Silesian University in Opava, Czech Republic<br \/>\nKateryna Synytsya, International Research And Training Center, Ukraine<br \/>\nLasse Berntzen, University of South-eastern Norway, Norway<br \/>\nLevent Yilmaz, Auburn University, USA<br \/>\nLourdes Villalustre, Universidad De Oviedo, Spain<br \/>\nMahmoud Abaza, Athabasca University, Canada<br \/>\nManuel Gomez Olmedo, University of Granada, Spain<br \/>\nMarco Furini, University of Modena and Reggio Emilia, Italy<br \/>\nMarco Temperini, Sapienza University of Roma, Italy<br \/>\nMarek Szelagowski, Systems Research Institute Polish Academy of Scien, Poland<br \/>\nMieczyslaw Owoc, Wroclaw University of Economics and Business, Poland<br \/>\nMikael Collan, LUT University, Finland<br \/>\nOleksiy Voychenko, International Research and Training Center for Information, Ukraine<br \/>\nPaz Prendes-Espinosa, Universidad de Murcia, Spain<br \/>\nPierangelo Rosati, University of Galway, Ireland<br \/>\nPiotr Gawrysiak, Warsaw University of Technology, Poland<br \/>\nPiotr Sli\u017c, University of Gda\u0144sk, Poland<br \/>\nPit Pichappan, Digital Information Research Labs, India<br \/>\nPrashant R Nair, Amrita Vishwa Vidyapeetham University, India<br \/>\nRajavelu Loganathan, Abu Dhabi Women&#8217;s College, United Arab Emirates<br \/>\nRajendra Kumar, Massachusetts Institute of Technology, USA<br \/>\nRiana Steyn, University of Pretoria, South Africa<br \/>\nRyo Takaoka, Yamaguchi University, Japan<br \/>\nSamia Kamal, Oxford Brookes University, United Kingdom<br \/>\nStamatios Papadakis, The University of Crete, Greece<br \/>\nTom\u00e1\u0161 Sigmund, Prague University of Economics and Business, Czech Republic<br \/>\nYi Lu, Queensland University of Technology, Australia<br \/>\nYongjian Fu, Cleveland State University, USA<\/p>\n","protected":false},"excerpt":{"rendered":"<p>Program Chair Piet Kommers, University of Twente, The Netherlands &nbsp; Conference Chair Pedro Isa\u00edas, Information Systems &amp; Technology Management School, The University of New South Wales, Australia &nbsp; Committee Members Abdelsalam Busalim, Dublin City University, Ireland Adam Wojciechowski, Poznan University of Technology, Poland Albena Antonova, University of Sofia, Bulgaria Aleksandar Dimov, University of Sofia St. <a class=\"more-link\" href=\"https:\/\/www.esociety-conf.org\/oldconferences\/2023\/committees\/\">Continue reading <i class=\"fa fa-chevron-right\"><\/i><\/a><\/p>\n","protected":false},"author":1,"featured_media":0,"parent":0,"menu_order":0,"comment_status":"closed","ping_status":"closed","template":"","meta":[],"_links":{"self":[{"href":"https:\/\/www.esociety-conf.org\/oldconferences\/2023\/wp-json\/wp\/v2\/pages\/16"}],"collection":[{"href":"https:\/\/www.esociety-conf.org\/oldconferences\/2023\/wp-json\/wp\/v2\/pages"}],"about":[{"href":"https:\/\/www.esociety-conf.org\/oldconferences\/2023\/wp-json\/wp\/v2\/types\/page"}],"author":[{"embeddable":true,"href":"https:\/\/www.esociety-conf.org\/oldconferences\/2023\/wp-json\/wp\/v2\/users\/1"}],"replies":[{"embeddable":true,"href":"https:\/\/www.esociety-conf.org\/oldconferences\/2023\/wp-json\/wp\/v2\/comments?post=16"}],"version-history":[{"count":97,"href":"https:\/\/www.esociety-conf.org\/oldconferences\/2023\/wp-json\/wp\/v2\/pages\/16\/revisions"}],"predecessor-version":[{"id":1969,"href":"https:\/\/www.esociety-conf.org\/oldconferences\/2023\/wp-json\/wp\/v2\/pages\/16\/revisions\/1969"}],"wp:attachment":[{"href":"https:\/\/www.esociety-conf.org\/oldconferences\/2023\/wp-json\/wp\/v2\/media?parent=16"}],"curies":[{"name":"wp","href":"https:\/\/api.w.org\/{rel}","templated":true}]}}